{"id":429,"date":"2022-10-10T12:41:58","date_gmt":"2022-10-10T12:41:58","guid":{"rendered":"https:\/\/www.4glearning.hu\/?page_id=429"},"modified":"2022-10-26T12:29:09","modified_gmt":"2022-10-26T12:29:09","slug":"ginop-5-1-7-17","status":"publish","type":"page","link":"https:\/\/www.4glearning.hu\/?page_id=429","title":{"rendered":"GINOP-5.1.7-17"},"content":{"rendered":"\t\t<div data-elementor-type=\"wp-page\" data-elementor-id=\"429\" class=\"elementor elementor-429\">\n\t\t\t\t\t\t\t\t\t<section class=\"elementor-section elementor-top-section elementor-element elementor-element-7e1082a elementor-section-boxed elementor-section-height-default elementor-section-height-default\" data-id=\"7e1082a\" data-element_type=\"section\">\n\t\t\t\t\t\t<div class=\"elementor-container elementor-column-gap-default\">\n\t\t\t\t\t<div class=\"elementor-column elementor-col-100 elementor-top-column elementor-element elementor-element-c1fc080\" data-id=\"c1fc080\" data-element_type=\"column\">\n\t\t\t<div class=\"elementor-widget-wrap elementor-element-populated\">\n\t\t\t\t\t\t\t\t<div class=\"elementor-element elementor-element-35ce020 elementor-widget elementor-widget-image\" data-id=\"35ce020\" data-element_type=\"widget\" data-widget_type=\"image.default\">\n\t\t\t\t<div class=\"elementor-widget-container\">\n\t\t\t<style>\/*! elementor - v3.10.1 - 17-01-2023 *\/\n.elementor-widget-image{text-align:center}.elementor-widget-image a{display:inline-block}.elementor-widget-image a img[src$=\".svg\"]{width:48px}.elementor-widget-image img{vertical-align:middle;display:inline-block}<\/style>\t\t\t\t\t\t\t\t\t\t\t\t<img loading=\"lazy\" decoding=\"async\" width=\"300\" height=\"210\" src=\"https:\/\/www.4glearning.hu\/wp-content\/uploads\/2022\/10\/Nevtelen-3-300x210.png\" class=\"attachment-medium size-medium wp-image-418\" alt=\"\" srcset=\"https:\/\/www.4glearning.hu\/wp-content\/uploads\/2022\/10\/Nevtelen-3-300x210.png 300w, https:\/\/www.4glearning.hu\/wp-content\/uploads\/2022\/10\/Nevtelen-3-1024x716.png 1024w, https:\/\/www.4glearning.hu\/wp-content\/uploads\/2022\/10\/Nevtelen-3-768x537.png 768w, https:\/\/www.4glearning.hu\/wp-content\/uploads\/2022\/10\/Nevtelen-3-209x146.png 209w, https:\/\/www.4glearning.hu\/wp-content\/uploads\/2022\/10\/Nevtelen-3-50x35.png 50w, https:\/\/www.4glearning.hu\/wp-content\/uploads\/2022\/10\/Nevtelen-3-107x75.png 107w, https:\/\/www.4glearning.hu\/wp-content\/uploads\/2022\/10\/Nevtelen-3-1200x839.png 1200w, https:\/\/www.4glearning.hu\/wp-content\/uploads\/2022\/10\/Nevtelen-3.png 1328w\" sizes=\"auto, (max-width: 300px) 100vw, 300px\" \/>\t\t\t\t\t\t\t\t\t\t\t\t\t\t\t<\/div>\n\t\t\t\t<\/div>\n\t\t\t\t<div class=\"elementor-element elementor-element-c60a35a elementor-widget elementor-widget-image\" data-id=\"c60a35a\" data-element_type=\"widget\" data-widget_type=\"image.default\">\n\t\t\t\t<div class=\"elementor-widget-container\">\n\t\t\t\t\t\t\t\t\t\t\t\t\t\t\t<img loading=\"lazy\" decoding=\"async\" width=\"708\" height=\"295\" src=\"https:\/\/www.4glearning.hu\/wp-content\/uploads\/2022\/10\/2_infoblokk_2020_ESZA_3C.jpg\" class=\"attachment-large size-large wp-image-415\" alt=\"\" srcset=\"https:\/\/www.4glearning.hu\/wp-content\/uploads\/2022\/10\/2_infoblokk_2020_ESZA_3C.jpg 708w, https:\/\/www.4glearning.hu\/wp-content\/uploads\/2022\/10\/2_infoblokk_2020_ESZA_3C-300x125.jpg 300w, https:\/\/www.4glearning.hu\/wp-content\/uploads\/2022\/10\/2_infoblokk_2020_ESZA_3C-260x108.jpg 260w, https:\/\/www.4glearning.hu\/wp-content\/uploads\/2022\/10\/2_infoblokk_2020_ESZA_3C-50x21.jpg 50w, https:\/\/www.4glearning.hu\/wp-content\/uploads\/2022\/10\/2_infoblokk_2020_ESZA_3C-150x63.jpg 150w\" sizes=\"auto, (max-width: 708px) 100vw, 708px\" \/>\t\t\t\t\t\t\t\t\t\t\t\t\t\t\t<\/div>\n\t\t\t\t<\/div>\n\t\t\t\t<div class=\"elementor-element elementor-element-24c75fa elementor-widget elementor-widget-text-editor\" data-id=\"24c75fa\" data-element_type=\"widget\" data-widget_type=\"text-editor.default\">\n\t\t\t\t<div class=\"elementor-widget-container\">\n\t\t\t<style>\/*! elementor - v3.10.1 - 17-01-2023 *\/\n.elementor-widget-text-editor.elementor-drop-cap-view-stacked .elementor-drop-cap{background-color:#818a91;color:#fff}.elementor-widget-text-editor.elementor-drop-cap-view-framed .elementor-drop-cap{color:#818a91;border:3px solid;background-color:transparent}.elementor-widget-text-editor:not(.elementor-drop-cap-view-default) .elementor-drop-cap{margin-top:8px}.elementor-widget-text-editor:not(.elementor-drop-cap-view-default) .elementor-drop-cap-letter{width:1em;height:1em}.elementor-widget-text-editor .elementor-drop-cap{float:left;text-align:center;line-height:1;font-size:50px}.elementor-widget-text-editor .elementor-drop-cap-letter{display:inline-block}<\/style>\t\t\t\t<blockquote><div dir=\"ltr\"><div dir=\"ltr\"><div>\u201eGINOP-5.1.7-17 T\u00e1rsadalmi c\u00e9l\u00fa v\u00e1llalkoz\u00e1sok \u00f6szt\u00f6nz\u00e9se<br \/>Projekt azonos\u00edt\u00f3sz\u00e1m: GINOP-5.1.7-17-2019-00425 <br \/>Projekt c\u00edme: T\u00e1rsadalmi v\u00e1llalkoz\u00e1s \u00f6szt\u00f6nz\u00e9se Rakamazon<br \/>Kedvezm\u00e9nyezett neve: 4G Learning Nonprofit Korl\u00e1tolt Felel\u0151ss\u00e9g\u0171 T\u00e1rsas\u00e1g<br \/>T\u00e1mogat\u00e1s \u00f6sszege: 58 967 890 Ft<br \/>T\u00e1mogat\u00e1s m\u00e9rt\u00e9ke: 93.96 %<br \/>Megval\u00f3s\u00edt\u00e1si id\u0151szak: 2021.03.01.-2022.08.31.<\/div><\/div><div><blockquote><div dir=\"ltr\"><div dir=\"ltr\"><div>A projekt bemutat\u00e1sa:<br \/>A projekt keret\u00e9ben megval\u00f3s\u00edtani tervezett fejleszt\u00e9s\u00fcnk 2 csoportba sorolhat\u00f3 szolg\u00e1ltat\u00e1s ment\u00e9n \u00e9p\u00fcl fel:<br \/>&#8211; k\u00e9pz\u00e9s, tan\u00e1csad\u00e1s \u00e9s csapat\u00e9p\u00edt\u00e9s (ut\u00f3bbi Borakad\u00e9mi\u00e1val kieg\u00e9sz\u00edtve)<br \/>&#8211; sz\u00e1ll\u00e1shely szolg\u00e1ltat\u00e1s: A csapat\u00e9p\u00edt\u0151ket \u00e9s szervezetfejleszt\u00e9si tr\u00e9ningeket n\u00e9lk\u00fcl\u00f6z\u0151 id\u0151szakokban sz\u00e1ll\u00e1shelyk\u00e9nt \u00fczemeltetj\u00fck a helysz\u00ednt. <br \/>Amikor a helysz\u00ednen nincsenek tr\u00e9ningek, \u00e1ltal\u00e1nos sz\u00e1ll\u00e1shely szolg\u00e1ltat\u00e1st k\u00edn\u00e1lunk, hogy a h\u00e1z ne \u00e1lljon \u00fcresen. C\u00e9lcsoportunk teh\u00e1t egyr\u00e9szr\u0151l a Rakamazon sz\u00e1ll\u00e1st keres\u0151 mag\u00e1nszem\u00e9lyek, m\u00e1sr\u00e9szt a tr\u00e9ninget ig\u00e9nybe vev\u0151 v\u00e1llalkoz\u00e1sok. A tr\u00e9ningek vonatkoz\u00e1s\u00e1ban a nyeres\u00e9ges \u00e9s munkat\u00e1rsaikat megtartani k\u00edv\u00e1n\u00f3 KKV-kat sz\u00f3l\u00edtjuk meg els\u0151 sorban, \u0151k t\u00f6bbek k\u00f6z\u00f6tt tov\u00e1bbk\u00e9pz\u00e9ssel k\u00edv\u00e1nnak proakt\u00edvan reag\u00e1lni a munkaer\u0151piaci kih\u00edv\u00e1sokra. Ahhoz, hogy fentiek t\u00e9nylegesen megval\u00f3sulhassanak a magas min\u0151s\u00e9g\u0171 ingatlan fel\u00faj\u00edt\u00e1s, a szakmailag is kiv\u00e1l\u00f3 tr\u00e9nerek, illetve megfelel\u0151 seg\u00e9dszem\u00e9lyzet (h\u00e1tr\u00e1nyos helyzet\u0171 foglalkoztatottat) kiv\u00e1laszt\u00e1sa. \u00c1tlagosan 2-3 napos tr\u00e9ningjeinket szem\u00e9lyre szab\u00e1s (felk\u00e9sz\u00fcl\u00e9s) ut\u00e1n a helysz\u00ednen megtartjuk, majd a c\u00e9geket ut\u00e1nk\u00f6vetj\u00fck 30 \u00e9s 90 nappal a fejleszt\u00e9s ut\u00e1n. Szolg\u00e1ltat\u00e1sunk minim\u00e1lis anyagig\u00e9ny mellett nagy hozz\u00e1adott \u00e9rt\u00e9kkel b\u00edr, know-how-nkat vezet\u0151 tr\u00e9nereink adj\u00e1k \u00e1t c\u00e9lcsoporti tagjainknak.\u201d<\/div><\/div><\/div><\/blockquote><\/div><\/div><\/blockquote>\t\t\t\t\t\t<\/div>\n\t\t\t\t<\/div>\n\t\t\t\t\t<\/div>\n\t\t<\/div>\n\t\t\t\t\t\t\t<\/div>\n\t\t<\/section>\n\t\t\t\t\t\t\t<\/div>\n\t\t","protected":false},"excerpt":{"rendered":"<p>\u201eGINOP-5.1.7-17 T\u00e1rsadalmi c\u00e9l\u00fa v\u00e1llalkoz\u00e1sok \u00f6szt\u00f6nz\u00e9seProjekt azonos\u00edt\u00f3sz\u00e1m: GINOP-5.1.7-17-2019-00425 Projekt c\u00edme: T\u00e1rsadalmi v\u00e1llalkoz\u00e1s \u00f6szt\u00f6nz\u00e9se RakamazonKedvezm\u00e9nyezett neve: 4G Learning Nonprofit Korl\u00e1tolt Felel\u0151ss\u00e9g\u0171 T\u00e1rsas\u00e1gT\u00e1mogat\u00e1s \u00f6sszege: 58 967 890 FtT\u00e1mogat\u00e1s m\u00e9rt\u00e9ke:<span class=\"excerpt-hellip\"> [\u2026]<\/span><\/p>\n","protected":false},"author":1,"featured_media":0,"parent":0,"menu_order":0,"comment_status":"closed","ping_status":"closed","template":"","meta":{"footnotes":""},"class_list":["post-429","page","type-page","status-publish","hentry"],"_links":{"self":[{"href":"https:\/\/www.4glearning.hu\/index.php?rest_route=\/wp\/v2\/pages\/429","targetHints":{"allow":["GET"]}}],"collection":[{"href":"https:\/\/www.4glearning.hu\/index.php?rest_route=\/wp\/v2\/pages"}],"about":[{"href":"https:\/\/www.4glearning.hu\/index.php?rest_route=\/wp\/v2\/types\/page"}],"author":[{"embeddable":true,"href":"https:\/\/www.4glearning.hu\/index.php?rest_route=\/wp\/v2\/users\/1"}],"replies":[{"embeddable":true,"href":"https:\/\/www.4glearning.hu\/index.php?rest_route=%2Fwp%2Fv2%2Fcomments&post=429"}],"version-history":[{"count":7,"href":"https:\/\/www.4glearning.hu\/index.php?rest_route=\/wp\/v2\/pages\/429\/revisions"}],"predecessor-version":[{"id":457,"href":"https:\/\/www.4glearning.hu\/index.php?rest_route=\/wp\/v2\/pages\/429\/revisions\/457"}],"wp:attachment":[{"href":"https:\/\/www.4glearning.hu\/index.php?rest_route=%2Fwp%2Fv2%2Fmedia&parent=429"}],"curies":[{"name":"wp","href":"https:\/\/api.w.org\/{rel}","templated":true}]}}